{"id":76,"date":"2023-01-05T13:48:44","date_gmt":"2023-01-05T13:48:44","guid":{"rendered":"https:\/\/tenderoconstrucciones.es\/?page_id=76"},"modified":"2023-01-09T11:52:34","modified_gmt":"2023-01-09T11:52:34","slug":"espais-avancats","status":"publish","type":"page","link":"https:\/\/tenderoconstrucciones.es\/?page_id=76","title":{"rendered":"Espais avan\u00e7ats"},"content":{"rendered":"\n[et_pb_section fb_built=\u00bb1&#8243; _builder_version=\u00bb4.17.4&#8243; _module_preset=\u00bbdefault\u00bb custom_margin=\u00bb||||false|false\u00bb custom_padding=\u00bb0px||0px||false|false\u00bb global_colors_info=\u00bb{}\u00bb][et_pb_row _builder_version=\u00bb4.17.4&#8243; _module_preset=\u00bbdefault\u00bb width=\u00bb100%\u00bb max_width=\u00bb100%\u00bb custom_padding=\u00bb0px||0px||false|false\u00bb global_colors_info=\u00bb{}\u00bb][et_pb_column type=\u00bb4_4&#8243; _builder_version=\u00bb4.17.4&#8243; _module_preset=\u00bbdefault\u00bb global_colors_info=\u00bb{}\u00bb][et_pb_slider _builder_version=\u00bb4.17.4&#8243; _module_preset=\u00bbdefault\u00bb global_colors_info=\u00bb{}\u00bb][et_pb_slide use_bg_overlay=\u00bbon\u00bb _builder_version=\u00bb4.17.4&#8243; _module_preset=\u00bbdefault\u00bb background_image=\u00bbhttps:\/\/tenderoconstrucciones.es\/wp-content\/uploads\/2023\/01\/06.jpg\u00bb background_enable_image=\u00bbon\u00bb global_colors_info=\u00bb{}\u00bb sticky_transition=\u00bbon\u00bb]<div class=\"fbq-section js-dynamic-navbar fbq-p-border-border fbq-section--fit-height\" data-index=\"0\" data-screen_percent=\"100\">\n<div class=\"fbq-section-wrapper fbq-middle-vertical\">\n<div class=\"fbq-container--fullwidth\">\n<div class=\"fbq-row fbq-row--main\">\n<div class=\"fbq-col-12\">\n<div class=\"fbq-item js-item-box fbq-box fbq-left-align fbq-tablet-hidden fbq-mobile-hidden fbq-p-border-border\">\n<div class=\"fbq-box-inner\">\n<div class=\"fbq-box-content fbq-middle-vertical\">\n<div class=\"fbq-box-body\">\n<div class=\"fbq-item js-item-text fbq-text fbq-left-align fbq-primary-font\">\n<div class=\"fbq-row\">\n<div class=\"fbq-text-content fbq-col-12\">\n<div class=\"fbq-text-content-inner\"><p><span>Espais Avan\u00e7ats\u00a0es un valor a\u00f1adido que ofrecemos a nuestros clientes, el broche final de un proyecto de construcci\u00f3n.<\/p>\n<p>Con este servicio cubrimos las necesidades de nuestros clientes en materia de carpinter\u00eda met\u00e1lica, de madera y cocinas.\u00a0\u00a0<\/span><\/div>\n<\/div>\n<\/div>\n<\/div>\n<\/div>\n<\/div>\n<\/div>\n<\/div>\n<\/div>\n<\/div>\n<\/div>\n<\/div>\n<\/div>[\/et_pb_slide][\/et_pb_slider][\/et_pb_column][\/et_pb_row][et_pb_row column_structure=\u00bb1_4,3_4&#8243; use_custom_gutter=\u00bbon\u00bb gutter_width=\u00bb2&#8243; make_equal=\u00bbon\u00bb _builder_version=\u00bb4.17.4&#8243; _module_preset=\u00bbdefault\u00bb width=\u00bb100%\u00bb max_width=\u00bb100%\u00bb custom_padding=\u00bb0px||0px||false|false\u00bb hover_enabled=\u00bb0&#8243; locked=\u00bboff\u00bb global_colors_info=\u00bb{}\u00bb sticky_enabled=\u00bb0&#8243;][et_pb_column type=\u00bb1_4&#8243; disabled_on=\u00bbon|on|off\u00bb _builder_version=\u00bb4.17.4&#8243; _module_preset=\u00bbdefault\u00bb background_image=\u00bbhttps:\/\/tenderoconstrucciones.es\/wp-content\/uploads\/2023\/01\/p1.jpg\u00bb global_colors_info=\u00bb{}\u00bb][et_pb_divider show_divider=\u00bboff\u00bb _builder_version=\u00bb4.17.4&#8243; _module_preset=\u00bbdefault\u00bb custom_padding=\u00bb200px||200px||false|false\u00bb global_colors_info=\u00bb{}\u00bb][\/et_pb_divider][\/et_pb_column][et_pb_column type=\u00bb3_4&#8243; _builder_version=\u00bb4.17.4&#8243; _module_preset=\u00bbdefault\u00bb custom_padding_tablet=\u00bb40px|40px|40px|40px|false|false\u00bb custom_padding_phone=\u00bb40px|40px|80px|40px|false|false\u00bb custom_padding_last_edited=\u00bbon|tablet\u00bb hover_enabled=\u00bb0&#8243; custom_css_main_element=\u00bbmargin: auto;\u00bb global_colors_info=\u00bb{}\u00bb sticky_enabled=\u00bb0&#8243;][et_pb_text _builder_version=\u00bb4.17.4&#8243; _module_preset=\u00bbdefault\u00bb text_text_color=\u00bb#000000&#8243; custom_margin_tablet=\u00bb\u00bb custom_margin_phone=\u00bb20px||||false|false\u00bb custom_margin_last_edited=\u00bbon|phone\u00bb global_colors_info=\u00bb{}\u00bb]<div class=\"fbq-section js-dynamic-navbar fbq-p-border-border fbq-section--fit-height\" data-index=\"1\" data-screen_percent=\"40\">\n<div class=\"fbq-section-wrapper fbq-middle-vertical\">\n<div class=\"fbq-container--fullwidth\">\n<div class=\"fbq-row fbq-row--main\">\n<div class=\"fbq-col-9\">\n<div class=\"fbq-item js-item-box fbq-box fbq-left-align fbq-mobile-hidden fbq-p-border-border fbq-box--fit-height\">\n<div class=\"fbq-box-inner\" data-screen_percent=\"50\">\n<div class=\"fbq-box-content fbq-middle-vertical\">\n<div class=\"fbq-box-body\">\n<div class=\"fbq-item js-item-text fbq-text fbq-left-align fbq-primary-font\">\n<div class=\"fbq-row\">\n<div class=\"fbq-text-content fbq-col-12\">\n<div class=\"fbq-text-content-inner\">Ofrecemos a nuestros clientes un servicio integral que contemple todas las fases de la construcci\u00f3n; desde la reforma integral, hasta la gesti\u00f3n y colocaci\u00f3n de la carpinter\u00eda y\/o cocina.\u00a0<\/div>\n<\/div>\n<\/div>\n<\/div>\n<\/div>\n<\/div>\n<\/div>\n<\/div>\n<\/div>\n<\/div>\n<\/div>\n<\/div>\n<\/div>[\/et_pb_text][\/et_pb_column][\/et_pb_row][\/et_pb_section]\n","protected":false},"excerpt":{"rendered":"<p>Espais Avan\u00e7ats\u00a0es un valor a\u00f1adido que ofrecemos a nuestros clientes, el broche final de un proyecto de construcci\u00f3n. Con este servicio cubrimos las necesidades de nuestros clientes en materia de carpinter\u00eda met\u00e1lica, de madera y cocinas.\u00a0\u00a0 Ofrecemos a nuestros clientes un servicio integral que contemple todas las fases de la construcci\u00f3n; desde la reforma integral, [&hellip;]<\/p>\n","protected":false},"author":2,"featured_media":0,"parent":0,"menu_order":0,"comment_status":"closed","ping_status":"closed","template":"","meta":{"_et_pb_use_builder":"on","_et_pb_old_content":"","_et_gb_content_width":"","footnotes":""},"class_list":["post-76","page","type-page","status-publish","hentry"],"_links":{"self":[{"href":"https:\/\/tenderoconstrucciones.es\/index.php?rest_route=\/wp\/v2\/pages\/76","targetHints":{"allow":["GET"]}}],"collection":[{"href":"https:\/\/tenderoconstrucciones.es\/index.php?rest_route=\/wp\/v2\/pages"}],"about":[{"href":"https:\/\/tenderoconstrucciones.es\/index.php?rest_route=\/wp\/v2\/types\/page"}],"author":[{"embeddable":true,"href":"https:\/\/tenderoconstrucciones.es\/index.php?rest_route=\/wp\/v2\/users\/2"}],"replies":[{"embeddable":true,"href":"https:\/\/tenderoconstrucciones.es\/index.php?rest_route=%2Fwp%2Fv2%2Fcomments&post=76"}],"version-history":[{"count":8,"href":"https:\/\/tenderoconstrucciones.es\/index.php?rest_route=\/wp\/v2\/pages\/76\/revisions"}],"predecessor-version":[{"id":124,"href":"https:\/\/tenderoconstrucciones.es\/index.php?rest_route=\/wp\/v2\/pages\/76\/revisions\/124"}],"wp:attachment":[{"href":"https:\/\/tenderoconstrucciones.es\/index.php?rest_route=%2Fwp%2Fv2%2Fmedia&parent=76"}],"curies":[{"name":"wp","href":"https:\/\/api.w.org\/{rel}","templated":true}]}}