{"id":7,"date":"2023-01-05T08:39:27","date_gmt":"2023-01-05T08:39:27","guid":{"rendered":"https:\/\/tenderoconstrucciones.es\/?page_id=7"},"modified":"2023-02-01T09:15:55","modified_gmt":"2023-02-01T09:15:55","slug":"home","status":"publish","type":"page","link":"https:\/\/tenderoconstrucciones.es\/","title":{"rendered":"Home"},"content":{"rendered":"<p>[et_pb_section fb_built=\u00bb1&#8243; _builder_version=\u00bb4.17.4&#8243; _module_preset=\u00bbdefault\u00bb custom_margin=\u00bb||||false|false\u00bb custom_padding=\u00bb0px||0px||false|false\u00bb global_colors_info=\u00bb{}\u00bb][et_pb_row _builder_version=\u00bb4.17.4&#8243; _module_preset=\u00bbdefault\u00bb width=\u00bb100%\u00bb max_width=\u00bb100%\u00bb custom_margin=\u00bb||||false|false\u00bb custom_padding=\u00bb0px||0px||false|false\u00bb global_colors_info=\u00bb{}\u00bb][et_pb_column type=\u00bb4_4&#8243; _builder_version=\u00bb4.17.4&#8243; _module_preset=\u00bbdefault\u00bb global_colors_info=\u00bb{}\u00bb][et_pb_slider use_bg_overlay=\u00bbon\u00bb bg_overlay_color=\u00bbrgba(0,0,0,0.31)\u00bb _builder_version=\u00bb4.17.4&#8243; _module_preset=\u00bbdefault\u00bb background_image=\u00bbhttps:\/\/tenderoconstrucciones.es\/wp-content\/uploads\/2023\/01\/header2.jpg\u00bb custom_button=\u00bbon\u00bb button_text_size=\u00bb18px\u00bb button_border_width=\u00bb0px\u00bb button_border_radius=\u00bb0px\u00bb button_font=\u00bbArial|800|||||||\u00bb button_icon=\u00bb&#x24;||divi||400&#8243; button_on_hover=\u00bboff\u00bb custom_margin=\u00bb||-1px|||\u00bb link_option_url=\u00bbtel: +34 971 79 22 17&#8243; hover_enabled=\u00bb0&#8243; global_colors_info=\u00bb{}\u00bb sticky_enabled=\u00bb0&#8243;][et_pb_slide heading=\u00bbA tu lado desde 1970&#8243; button_text=\u00bbSOLICITAR PRESUPUESTO\u00bb _builder_version=\u00bb4.17.4&#8243; _module_preset=\u00bbdefault\u00bb header_font=\u00bbArial|700|||||||\u00bb header_font_size=\u00bb24px\u00bb custom_button=\u00bbon\u00bb button_text_color=\u00bb#4d4751&#8243; button_bg_color=\u00bb#FFFFFF\u00bb text_orientation=\u00bbleft\u00bb hover_enabled=\u00bb0&#8243; global_colors_info=\u00bb{}\u00bb sticky_transition=\u00bbon\u00bb button_link=\u00bbtel: +34 971 79 22 17&#8243; sticky_enabled=\u00bb0&#8243;]<\/p>\n<p><span>La ejecuci\u00f3n de un proyecto de construcci\u00f3n significa ilusi\u00f3n. En Tendero entendemos la responsabilidad que esto conlleva y por eso, trabajamos con un equipo altamente profesional capaz de realizar de forma eficiente el cometido de las personas que conf\u00edan en nosotros.\u00a0<\/span><\/p>\n<p>[\/et_pb_slide][\/et_pb_slider][\/et_pb_column][\/et_pb_row][et_pb_row column_structure=\u00bb3_5,2_5&#8243; use_custom_gutter=\u00bbon\u00bb gutter_width=\u00bb1&#8243; make_equal=\u00bbon\u00bb _builder_version=\u00bb4.17.4&#8243; _module_preset=\u00bbdefault\u00bb background_color=\u00bb#f9f9f9&#8243; width=\u00bb100%\u00bb max_width=\u00bb100%\u00bb custom_margin=\u00bb0px||||false|false\u00bb custom_padding=\u00bb0px||0px||false|false\u00bb global_colors_info=\u00bb{}\u00bb][et_pb_column type=\u00bb3_5&#8243; _builder_version=\u00bb4.17.4&#8243; _module_preset=\u00bbdefault\u00bb background_enable_color=\u00bboff\u00bb custom_padding=\u00bb80px|40px|80px|40px|false|false\u00bb custom_css_main_element=\u00bbmargin: auto;\u00bb global_colors_info=\u00bb{}\u00bb][et_pb_text _builder_version=\u00bb4.17.4&#8243; _module_preset=\u00bbdefault\u00bb text_font=\u00bbArial|800|||||||\u00bb text_text_color=\u00bb#000000&#8243; text_font_size=\u00bb20px\u00bb custom_margin=\u00bb||20px||false|false\u00bb global_colors_info=\u00bb{}\u00bb]<\/p>\n<p>SERVICIOS<\/p>\n<p>[\/et_pb_text][et_pb_divider color=\u00bb#000000&#8243; _builder_version=\u00bb4.17.4&#8243; _module_preset=\u00bbdefault\u00bb width=\u00bb40px\u00bb global_colors_info=\u00bb{}\u00bb][\/et_pb_divider][et_pb_text _builder_version=\u00bb4.17.4&#8243; _module_preset=\u00bbdefault\u00bb text_text_color=\u00bb#000000&#8243; custom_margin=\u00bb||20px||false|false\u00bb global_colors_info=\u00bb{}\u00bb]<\/p>\n<div class=\"fbq-col-7\">\n<div class=\"fbq-item js-item-box fbq-box fbq-left-align fbq-mobile-hidden fbq-p-border-border fbq-box--fit-height\">\n<div class=\"fbq-box-inner\" data-screen_percent=\"50\">\n<div class=\"fbq-box-content fbq-middle-vertical\">\n<div class=\"fbq-box-body\">\n<div class=\"fbq-item js-item-text fbq-text fbq-left-align fbq-primary-font\">\n<div class=\"fbq-row\">\n<div class=\"fbq-text-content fbq-col-12\">\n<div class=\"fbq-text-content-inner\">\n<div class=\"fbq-col-7\">\n<div class=\"fbq-item js-item-box fbq-box fbq-left-align fbq-mobile-hidden fbq-p-border-border fbq-box--fit-height\">\n<div class=\"fbq-box-inner\" data-screen_percent=\"50\">\n<div class=\"fbq-box-content fbq-middle-vertical\">\n<div class=\"fbq-box-body\">\n<div class=\"fbq-item js-item-text fbq-text fbq-left-align fbq-primary-font\">\n<div class=\"fbq-row\">\n<div class=\"fbq-text-content fbq-col-12\">\n<div class=\"fbq-text-content-inner\">\n<p><span>Ponemos a tu disposici\u00f3n nuestros servicios de construcci\u00f3n.<\/span><br \/><span>\u00a0\u00a0<\/span><span><br \/><\/span><span>Estamos especializados en reforma de viviendas antiguas y unifamiliares confortables y destinadas al disfrute de las zonas comunes. Adem\u00e1s, prestamos especial atenci\u00f3n al uso de las energ\u00edas renovables que generan un gran ahorro energ\u00e9tico.\u00a0\u00a0<\/span><\/p>\n<\/div>\n<\/div>\n<\/div>\n<\/div>\n<\/div>\n<\/div>\n<\/div>\n<\/div>\n<\/div>\n<div class=\"fbq-col-5\">\n<div class=\"fbq-item js-item-box fbq-box fbq-left-align fbq-p-border-border fbq-box--fit-height\">\n<div class=\"fbq-background\" data-type=\"image\" data-parallaxspeed=\"0\">\n<div class=\"fbq-background-wrapper\"><\/div>\n<\/div>\n<\/div>\n<\/div>\n<\/div>\n<\/div>\n<\/div>\n<\/div>\n<div class=\"fbq-button fbq-button--fill fbq-button-hover--inverse fbq-button-size--small fbq-button-color--brand fbq-item js-item-button  fbq-left-align\" data-style=\"fill\"><\/div>\n<\/div>\n<\/div>\n<\/div>\n<\/div>\n<\/div>\n<div class=\"fbq-col-5\">\n<div class=\"fbq-item js-item-box fbq-box fbq-left-align fbq-p-border-border fbq-box--fit-height\">\n<div class=\"fbq-background\" data-type=\"image\" data-parallaxspeed=\"0\">\n<div class=\"fbq-background-wrapper\"><\/div>\n<\/div>\n<\/div>\n<\/div>\n<p>[\/et_pb_text][et_pb_button button_url=\u00bbhttps:\/\/tenderoconstrucciones.es\/?page_id=54&#8243; button_text=\u00bbSERVICIOS\u00bb _builder_version=\u00bb4.17.4&#8243; _module_preset=\u00bbdefault\u00bb custom_button=\u00bbon\u00bb button_text_size=\u00bb16px\u00bb button_text_color=\u00bb#FFFFFF\u00bb button_bg_color=\u00bb#4d4751&#8243; button_border_width=\u00bb0px\u00bb button_border_radius=\u00bb0px\u00bb button_font=\u00bbArial|800|||||||\u00bb button_icon=\u00bb&#x24;||divi||400&#8243; global_colors_info=\u00bb{}\u00bb][\/et_pb_button][\/et_pb_column][et_pb_column type=\u00bb2_5&#8243; _builder_version=\u00bb4.17.4&#8243; _module_preset=\u00bbdefault\u00bb background_image=\u00bbhttps:\/\/tenderoconstrucciones.es\/wp-content\/uploads\/2023\/01\/servicios.jpg\u00bb custom_padding_tablet=\u00bb200px||200px||false|false\u00bb custom_padding_phone=\u00bb200px||200px||false|false\u00bb custom_padding_last_edited=\u00bbon|tablet\u00bb global_colors_info=\u00bb{}\u00bb][et_pb_divider show_divider=\u00bboff\u00bb _builder_version=\u00bb4.17.4&#8243; _module_preset=\u00bbdefault\u00bb global_colors_info=\u00bb{}\u00bb][\/et_pb_divider][\/et_pb_column][\/et_pb_row][et_pb_row column_structure=\u00bb1_4,1_4,1_4,1_4&#8243; use_custom_gutter=\u00bbon\u00bb gutter_width=\u00bb2&#8243; make_equal=\u00bbon\u00bb disabled_on=\u00bbon|on|off\u00bb _builder_version=\u00bb4.17.4&#8243; _module_preset=\u00bbdefault\u00bb width=\u00bb100%\u00bb max_width=\u00bb100%\u00bb height=\u00bb700px\u00bb height_last_edited=\u00bboff|desktop\u00bb custom_padding=\u00bb80px|40px|80px|40px|false|false\u00bb global_colors_info=\u00bb{}\u00bb][et_pb_column type=\u00bb1_4&#8243; disabled_on=\u00bboff|off|off\u00bb _builder_version=\u00bb4.17.4&#8243; _module_preset=\u00bbdefault\u00bb background_image=\u00bbhttps:\/\/tenderoconstrucciones.es\/wp-content\/uploads\/2023\/01\/p1.jpg\u00bb global_colors_info=\u00bb{}\u00bb][\/et_pb_column][et_pb_column type=\u00bb1_4&#8243; disabled_on=\u00bboff|off|off\u00bb _builder_version=\u00bb4.17.4&#8243; _module_preset=\u00bbdefault\u00bb background_image=\u00bbhttps:\/\/tenderoconstrucciones.es\/wp-content\/uploads\/2023\/01\/p2.jpg\u00bb global_colors_info=\u00bb{}\u00bb][\/et_pb_column][et_pb_column type=\u00bb1_4&#8243; disabled_on=\u00bboff|off|off\u00bb _builder_version=\u00bb4.17.4&#8243; _module_preset=\u00bbdefault\u00bb background_image=\u00bbhttps:\/\/tenderoconstrucciones.es\/wp-content\/uploads\/2023\/01\/p3.jpg\u00bb global_colors_info=\u00bb{}\u00bb][\/et_pb_column][et_pb_column type=\u00bb1_4&#8243; _builder_version=\u00bb4.17.4&#8243; _module_preset=\u00bbdefault\u00bb custom_padding=\u00bb||150px||false|false\u00bb custom_css_main_element=\u00bbmargin: auto;\u00bb global_colors_info=\u00bb{}\u00bb][et_pb_text _builder_version=\u00bb4.17.4&#8243; _module_preset=\u00bbdefault\u00bb text_font=\u00bbArial|800|||||||\u00bb text_text_color=\u00bb#000000&#8243; text_font_size=\u00bb20px\u00bb custom_margin=\u00bb||20px||false|false\u00bb global_colors_info=\u00bb{}\u00bb]<\/p>\n<p>PROYECTOS<\/p>\n<p>[\/et_pb_text][et_pb_divider color=\u00bb#000000&#8243; _builder_version=\u00bb4.17.4&#8243; _module_preset=\u00bbdefault\u00bb width=\u00bb40px\u00bb custom_margin=\u00bb||0px||false|false\u00bb global_colors_info=\u00bb{}\u00bb][\/et_pb_divider][et_pb_text _builder_version=\u00bb4.17.4&#8243; _module_preset=\u00bbdefault\u00bb text_text_color=\u00bb#000000&#8243; custom_margin=\u00bb||20px||false|false\u00bb global_colors_info=\u00bb{}\u00bb]<\/p>\n<p><span>Cada proyecto es \u00fanico e in\u00e9dito. En Tendero nos encargamos de todo el proceso de construcci\u00f3n.<\/span><br \/><span>\u00a0\u00a0<\/span><span><br \/><\/span><span>Compartimos con vosotros algunos de nuestros trabajos realizados.\u00a0<\/span><\/p>\n<p>[\/et_pb_text][et_pb_button button_url=\u00bbhttps:\/\/tenderoconstrucciones.es\/?page_id=125&#8243; button_text=\u00bbPROYECTOS\u00bb _builder_version=\u00bb4.17.4&#8243; _module_preset=\u00bbdefault\u00bb custom_button=\u00bbon\u00bb button_text_size=\u00bb16px\u00bb button_text_color=\u00bb#FFFFFF\u00bb button_bg_color=\u00bb#4d4751&#8243; button_border_width=\u00bb0px\u00bb button_border_radius=\u00bb0px\u00bb button_font=\u00bbArial|800|||||||\u00bb button_icon=\u00bb&#x24;||divi||400&#8243; global_colors_info=\u00bb{}\u00bb][\/et_pb_button][\/et_pb_column][\/et_pb_row][et_pb_row column_structure=\u00bb1_2,1_2&#8243; use_custom_gutter=\u00bbon\u00bb gutter_width=\u00bb2&#8243; make_equal=\u00bbon\u00bb disabled_on=\u00bboff|off|on\u00bb _builder_version=\u00bb4.17.4&#8243; _module_preset=\u00bbdefault\u00bb width=\u00bb100%\u00bb max_width=\u00bb100%\u00bb height=\u00bb700px\u00bb height_last_edited=\u00bboff|desktop\u00bb custom_padding=\u00bb80px||80px||false|false\u00bb global_colors_info=\u00bb{}\u00bb][et_pb_column type=\u00bb1_2&#8243; _builder_version=\u00bb4.17.4&#8243; _module_preset=\u00bbdefault\u00bb custom_padding=\u00bb|40px||40px|false|false\u00bb custom_css_main_element=\u00bbmargin: auto;\u00bb global_colors_info=\u00bb{}\u00bb][et_pb_text _builder_version=\u00bb4.17.4&#8243; _module_preset=\u00bbdefault\u00bb text_font=\u00bbArial|800|||||||\u00bb text_text_color=\u00bb#000000&#8243; text_font_size=\u00bb20px\u00bb custom_margin=\u00bb||20px||false|false\u00bb global_colors_info=\u00bb{}\u00bb]<\/p>\n<p>PROYECTOS<\/p>\n<p>[\/et_pb_text][et_pb_divider color=\u00bb#000000&#8243; _builder_version=\u00bb4.17.4&#8243; _module_preset=\u00bbdefault\u00bb width=\u00bb40px\u00bb custom_margin=\u00bb||0px||false|false\u00bb global_colors_info=\u00bb{}\u00bb][\/et_pb_divider][et_pb_text _builder_version=\u00bb4.17.4&#8243; _module_preset=\u00bbdefault\u00bb text_text_color=\u00bb#000000&#8243; custom_margin=\u00bb||20px||false|false\u00bb global_colors_info=\u00bb{}\u00bb]<\/p>\n<p><span>Cada proyecto es \u00fanico e in\u00e9dito. En Tendero nos encargamos de todo el proceso de construcci\u00f3n.<\/span><br \/><span>\u00a0\u00a0<\/span><span><br \/><\/span><span>Compartimos con vosotros algunos de nuestros trabajos realizados.\u00a0<\/span><\/p>\n<p>[\/et_pb_text][et_pb_button button_url=\u00bbhttps:\/\/tenderoconstrucciones.es\/?page_id=125&#8243; button_text=\u00bbPROYECTOS\u00bb _builder_version=\u00bb4.17.4&#8243; _module_preset=\u00bbdefault\u00bb custom_button=\u00bbon\u00bb button_text_size=\u00bb16px\u00bb button_text_color=\u00bb#FFFFFF\u00bb button_bg_color=\u00bb#4d4751&#8243; button_border_width=\u00bb0px\u00bb button_border_radius=\u00bb0px\u00bb button_font=\u00bbArial|800|||||||\u00bb button_icon=\u00bb&#x24;||divi||400&#8243; custom_margin_tablet=\u00bb||80px||false|false\u00bb custom_margin_phone=\u00bb||80px||false|false\u00bb custom_margin_last_edited=\u00bbon|tablet\u00bb global_colors_info=\u00bb{}\u00bb][\/et_pb_button][\/et_pb_column][et_pb_column type=\u00bb1_2&#8243; disabled_on=\u00bboff|off|off\u00bb _builder_version=\u00bb4.17.4&#8243; _module_preset=\u00bbdefault\u00bb background_image=\u00bbhttps:\/\/tenderoconstrucciones.es\/wp-content\/uploads\/2023\/01\/p3.jpg\u00bb background_position=\u00bbcenter_right\u00bb global_colors_info=\u00bb{}\u00bb][et_pb_divider show_divider=\u00bboff\u00bb _builder_version=\u00bb4.17.4&#8243; _module_preset=\u00bbdefault\u00bb custom_margin=\u00bb200px||200px||false|false\u00bb global_colors_info=\u00bb{}\u00bb][\/et_pb_divider][\/et_pb_column][\/et_pb_row][et_pb_row column_structure=\u00bb3_5,2_5&#8243; use_custom_gutter=\u00bbon\u00bb gutter_width=\u00bb1&#8243; make_equal=\u00bbon\u00bb _builder_version=\u00bb4.17.4&#8243; _module_preset=\u00bbdefault\u00bb background_color=\u00bb#f9f9f9&#8243; width=\u00bb100%\u00bb max_width=\u00bb100%\u00bb custom_margin=\u00bb0px||||false|false\u00bb custom_padding=\u00bb0px||0px||false|false\u00bb locked=\u00bboff\u00bb global_colors_info=\u00bb{}\u00bb][et_pb_column type=\u00bb3_5&#8243; _builder_version=\u00bb4.17.4&#8243; _module_preset=\u00bbdefault\u00bb background_enable_color=\u00bboff\u00bb custom_padding=\u00bb80px|40px|80px|40px|false|false\u00bb custom_css_main_element=\u00bbmargin: auto;\u00bb global_colors_info=\u00bb{}\u00bb][et_pb_text _builder_version=\u00bb4.17.4&#8243; _module_preset=\u00bbdefault\u00bb text_font=\u00bbArial|800|||||||\u00bb text_text_color=\u00bb#000000&#8243; text_font_size=\u00bb20px\u00bb custom_margin=\u00bb||20px||false|false\u00bb global_colors_info=\u00bb{}\u00bb]<\/p>\n<p>NOSOTROS<\/p>\n<p>[\/et_pb_text][et_pb_divider color=\u00bb#000000&#8243; _builder_version=\u00bb4.17.4&#8243; _module_preset=\u00bbdefault\u00bb width=\u00bb40px\u00bb global_colors_info=\u00bb{}\u00bb][\/et_pb_divider][et_pb_text _builder_version=\u00bb4.17.4&#8243; _module_preset=\u00bbdefault\u00bb text_text_color=\u00bb#000000&#8243; custom_margin=\u00bb||20px||false|false\u00bb global_colors_info=\u00bb{}\u00bb]<\/p>\n<div class=\"fbq-col-7\">\n<div class=\"fbq-item js-item-box fbq-box fbq-left-align fbq-mobile-hidden fbq-p-border-border fbq-box--fit-height\">\n<div class=\"fbq-box-inner\" data-screen_percent=\"50\">\n<div class=\"fbq-box-content fbq-middle-vertical\">\n<div class=\"fbq-box-body\">\n<div class=\"fbq-item js-item-text fbq-text fbq-left-align fbq-primary-font\">\n<div class=\"fbq-row\">\n<div class=\"fbq-text-content fbq-col-12\">\n<div class=\"fbq-text-content-inner\"><span>Tendero comenz\u00f3 como una peque\u00f1a empresa familiar llamada, R\u00fasticas Tendero, de la mano de \u00c1ngel Tendero -padre- a finales de los a\u00f1os 60.<\/span><br \/><span>\u00a0<\/span><span><br \/><\/span><span>Ahora, Tendero, ha dado un salto generacional, y es \u00c1ngel Tendero \u2013 hijo- el que ha tomado el relevo. No obstante, el objetivo es el mismo; ser capaces de ofrecer el mejor servicio, as\u00ed como acompa\u00f1ar en todo momento a los clientes que han depositado su total confianza.<\/span><\/div>\n<\/div>\n<\/div>\n<\/div>\n<div class=\"fbq-button fbq-button--fill fbq-button-hover--inverse fbq-button-size--small fbq-button-color--brand fbq-item js-item-button  fbq-left-align\" data-style=\"fill\"><\/div>\n<\/div>\n<\/div>\n<\/div>\n<\/div>\n<\/div>\n<div class=\"fbq-col-5\">\n<div class=\"fbq-item js-item-box fbq-box fbq-left-align fbq-p-border-border fbq-box--fit-height\">\n<div class=\"fbq-background\" data-type=\"image\" data-parallaxspeed=\"0\">\n<div class=\"fbq-background-wrapper\"><\/div>\n<\/div>\n<\/div>\n<\/div>\n<p>[\/et_pb_text][et_pb_button button_url=\u00bbhttps:\/\/tenderoconstrucciones.es\/?page_id=62&#8243; button_text=\u00bbNOSOTROS\u00bb _builder_version=\u00bb4.17.4&#8243; _module_preset=\u00bbdefault\u00bb custom_button=\u00bbon\u00bb button_text_size=\u00bb16px\u00bb button_text_color=\u00bb#FFFFFF\u00bb button_bg_color=\u00bb#4d4751&#8243; button_border_width=\u00bb0px\u00bb button_border_radius=\u00bb0px\u00bb button_font=\u00bbArial|800|||||||\u00bb button_icon=\u00bb&#x24;||divi||400&#8243; global_colors_info=\u00bb{}\u00bb][\/et_pb_button][\/et_pb_column][et_pb_column type=\u00bb2_5&#8243; disabled_on=\u00bbon|on|off\u00bb _builder_version=\u00bb4.17.4&#8243; _module_preset=\u00bbdefault\u00bb background_image=\u00bbhttps:\/\/tenderoconstrucciones.es\/wp-content\/uploads\/2023\/01\/nosotros.jpg\u00bb custom_padding_tablet=\u00bb200px||200px||false|false\u00bb custom_padding_phone=\u00bb200px||200px||false|false\u00bb custom_padding_last_edited=\u00bbon|tablet\u00bb global_colors_info=\u00bb{}\u00bb][et_pb_divider show_divider=\u00bboff\u00bb _builder_version=\u00bb4.17.4&#8243; _module_preset=\u00bbdefault\u00bb global_colors_info=\u00bb{}\u00bb][\/et_pb_divider][\/et_pb_column][\/et_pb_row][et_pb_row _builder_version=\u00bb4.17.4&#8243; _module_preset=\u00bbdefault\u00bb width=\u00bb100%\u00bb max_width=\u00bb100%\u00bb custom_padding=\u00bb0px||0px||false|false\u00bb global_colors_info=\u00bb{}\u00bb][et_pb_column type=\u00bb4_4&#8243; _builder_version=\u00bb4.17.4&#8243; _module_preset=\u00bbdefault\u00bb global_colors_info=\u00bb{}\u00bb][et_pb_slider use_bg_overlay=\u00bbon\u00bb _builder_version=\u00bb4.17.4&#8243; _module_preset=\u00bbdefault\u00bb background_image=\u00bbhttps:\/\/tenderoconstrucciones.es\/wp-content\/uploads\/2023\/01\/espais.jpg\u00bb custom_button=\u00bbon\u00bb button_text_size=\u00bb16px\u00bb button_text_color=\u00bb#4d4751&#8243; button_bg_color=\u00bb#FFFFFF\u00bb button_border_width=\u00bb0px\u00bb button_border_radius=\u00bb0px\u00bb button_font=\u00bb|700|||||||\u00bb button_icon=\u00bb&#x24;||divi||400&#8243; global_colors_info=\u00bb{}\u00bb][et_pb_slide heading=\u00bbESPAIS AVAN\u00c7ATS\u00bb button_text=\u00bbLEER M\u00c1S\u00bb button_link=\u00bbhttps:\/\/tenderoconstrucciones.es\/?page_id=76&#8243; _builder_version=\u00bb4.17.4&#8243; _module_preset=\u00bbdefault\u00bb header_font=\u00bbArial|700|||||||\u00bb header_font_size=\u00bb20px\u00bb global_colors_info=\u00bb{}\u00bb sticky_transition=\u00bbon\u00bb]<\/p>\n<div id=\"Espais avan\u00e7ats\" class=\"fbq-section js-dynamic-navbar fbq-p-border-border fbq-section--fit-height\" data-index=\"4\" data-screen_percent=\"70\">\n<div class=\"fbq-section-wrapper fbq-middle-vertical\">\n<div class=\"fbq-container--fullwidth\">\n<div class=\"fbq-row fbq-row--main\">\n<div class=\"fbq-col-12\">\n<div class=\"fbq-item js-item-box fbq-box fbq-left-align fbq-p-border-border fbq-box--fit-height\">\n<div class=\"fbq-box-inner\" data-screen_percent=\"50\">\n<div class=\"fbq-box-content fbq-middle-vertical\">\n<div class=\"fbq-box-body\">\n<div class=\"fbq-item js-item-text fbq-text fbq-center-align fbq-primary-font\">\n<div class=\"fbq-row\">\n<div class=\"fbq-text-content fbq-col-12\">\n<div class=\"fbq-text-content-inner\">\n<p><span class=\"font-style\"><span>Espais Avan\u00e7ats\u00a0es un valor a\u00f1adido que ofrecemos a nuestros clientes, el broche final de un proyecto de construcci\u00f3n.<\/span><\/span><\/p>\n<p>Con este servicio cubrimos las necesidades de nuestros clientes en materia de carpinter\u00eda met\u00e1lica, de madera y cocinas.<\/p>\n<\/div>\n<\/div>\n<\/div>\n<\/div>\n<div id=\"boton\" class=\"fbq-button fbq-button--fill fbq-button-hover--inverse fbq-button-size--small fbq-button-color--basic fbq-item js-item-button  fbq-center-align\" data-style=\"fill\"><\/div>\n<\/div>\n<\/div>\n<\/div>\n<\/div>\n<\/div>\n<\/div>\n<\/div>\n<\/div>\n<\/div>\n<p>[\/et_pb_slide][\/et_pb_slider][\/et_pb_column][\/et_pb_row][\/et_pb_section]<\/p>\n","protected":false},"excerpt":{"rendered":"<p>La ejecuci\u00f3n de un proyecto de construcci\u00f3n significa ilusi\u00f3n. En Tendero entendemos la responsabilidad que esto conlleva y por eso, trabajamos con un equipo altamente profesional capaz de realizar de forma eficiente el cometido de las personas que conf\u00edan en nosotros.\u00a0SERVICIOS Ponemos a tu disposici\u00f3n nuestros servicios de construcci\u00f3n.\u00a0\u00a0Estamos especializados en reforma de viviendas antiguas [&hellip;]<\/p>\n","protected":false},"author":2,"featured_media":0,"parent":0,"menu_order":0,"comment_status":"closed","ping_status":"closed","template":"","meta":{"_et_pb_use_builder":"on","_et_pb_old_content":"","_et_gb_content_width":"","footnotes":""},"class_list":["post-7","page","type-page","status-publish","hentry"],"_links":{"self":[{"href":"https:\/\/tenderoconstrucciones.es\/index.php?rest_route=\/wp\/v2\/pages\/7","targetHints":{"allow":["GET"]}}],"collection":[{"href":"https:\/\/tenderoconstrucciones.es\/index.php?rest_route=\/wp\/v2\/pages"}],"about":[{"href":"https:\/\/tenderoconstrucciones.es\/index.php?rest_route=\/wp\/v2\/types\/page"}],"author":[{"embeddable":true,"href":"https:\/\/tenderoconstrucciones.es\/index.php?rest_route=\/wp\/v2\/users\/2"}],"replies":[{"embeddable":true,"href":"https:\/\/tenderoconstrucciones.es\/index.php?rest_route=%2Fwp%2Fv2%2Fcomments&post=7"}],"version-history":[{"count":30,"href":"https:\/\/tenderoconstrucciones.es\/index.php?rest_route=\/wp\/v2\/pages\/7\/revisions"}],"predecessor-version":[{"id":368,"href":"https:\/\/tenderoconstrucciones.es\/index.php?rest_route=\/wp\/v2\/pages\/7\/revisions\/368"}],"wp:attachment":[{"href":"https:\/\/tenderoconstrucciones.es\/index.php?rest_route=%2Fwp%2Fv2%2Fmedia&parent=7"}],"curies":[{"name":"wp","href":"https:\/\/api.w.org\/{rel}","templated":true}]}}