{"id":62,"date":"2023-01-05T13:30:15","date_gmt":"2023-01-05T13:30:15","guid":{"rendered":"https:\/\/tenderoconstrucciones.es\/?page_id=62"},"modified":"2023-02-01T09:13:26","modified_gmt":"2023-02-01T09:13:26","slug":"nosotros-2","status":"publish","type":"page","link":"https:\/\/tenderoconstrucciones.es\/?page_id=62","title":{"rendered":"Nosotros"},"content":{"rendered":"<p>[et_pb_section fb_built=\u00bb1&#8243; _builder_version=\u00bb4.17.4&#8243; _module_preset=\u00bbdefault\u00bb global_colors_info=\u00bb{}\u00bb][et_pb_row use_custom_gutter=\u00bbon\u00bb gutter_width=\u00bb1&#8243; make_equal=\u00bbon\u00bb _builder_version=\u00bb4.17.4&#8243; _module_preset=\u00bbdefault\u00bb background_color=\u00bb#FFFFFF\u00bb width=\u00bb100%\u00bb max_width=\u00bb100%\u00bb custom_margin=\u00bb0px||||false|false\u00bb custom_padding=\u00bb0px||0px||false|false\u00bb locked=\u00bboff\u00bb global_colors_info=\u00bb{}\u00bb][et_pb_column type=\u00bb4_4&#8243; _builder_version=\u00bb4.17.4&#8243; _module_preset=\u00bbdefault\u00bb background_enable_color=\u00bboff\u00bb custom_padding=\u00bb80px|40px|80px|40px|false|false\u00bb custom_css_main_element=\u00bbmargin: auto;\u00bb global_colors_info=\u00bb{}\u00bb][et_pb_text _builder_version=\u00bb4.17.4&#8243; _module_preset=\u00bbdefault\u00bb text_font=\u00bbArial|800|||||||\u00bb text_text_color=\u00bb#000000&#8243; text_font_size=\u00bb20px\u00bb text_orientation=\u00bbcenter\u00bb custom_margin=\u00bb||20px||false|false\u00bb global_colors_info=\u00bb{}\u00bb]<\/p>\n<p>NOSOTROS<\/p>\n<p>[\/et_pb_text][et_pb_divider color=\u00bb#000000&#8243; _builder_version=\u00bb4.17.4&#8243; _module_preset=\u00bbdefault\u00bb width=\u00bb40px\u00bb width_tablet=\u00bb40px\u00bb width_phone=\u00bb40px\u00bb width_last_edited=\u00bbon|tablet\u00bb module_alignment=\u00bbcenter\u00bb global_colors_info=\u00bb{}\u00bb][\/et_pb_divider][et_pb_text _builder_version=\u00bb4.17.4&#8243; _module_preset=\u00bbdefault\u00bb text_text_color=\u00bb#000000&#8243; text_orientation=\u00bbcenter\u00bb custom_margin=\u00bb||20px||false|false\u00bb global_colors_info=\u00bb{}\u00bb]<\/p>\n<div class=\"fbq-col-7\">\n<div class=\"fbq-item js-item-box fbq-box fbq-left-align fbq-mobile-hidden fbq-p-border-border fbq-box--fit-height\">\n<div class=\"fbq-box-inner\" data-screen_percent=\"50\">\n<div class=\"fbq-box-content fbq-middle-vertical\">\n<div class=\"fbq-box-body\">\n<div class=\"fbq-item js-item-text fbq-text fbq-left-align fbq-primary-font\">\n<div class=\"fbq-row\">\n<div class=\"fbq-text-content fbq-col-12\">\n<div class=\"fbq-text-content-inner\">\n<div class=\"fbq-section js-dynamic-navbar fbq-p-border-border fbq-section--fit-height\" data-index=\"0\" data-screen_percent=\"10\">\n<div class=\"fbq-section-wrapper fbq-middle-vertical\">\n<div class=\"fbq-container--fullwidth\">\n<div class=\"fbq-row fbq-row--main\">\n<div class=\"fbq-col-12\">\n<div class=\"fbq-item js-item-text fbq-text fbq-center-align fbq-primary-font\">\n<div class=\"fbq-row\">\n<div class=\"fbq-text-content fbq-col-12\">\n<div class=\"fbq-text-content-inner\">\n<div class=\"fbq-section js-dynamic-navbar fbq-p-border-border fbq-section--fit-height\" data-index=\"0\" data-screen_percent=\"10\">\n<div class=\"fbq-section-wrapper fbq-middle-vertical\">\n<div class=\"fbq-container--fullwidth\">\n<div class=\"fbq-row fbq-row--main\">\n<div class=\"fbq-col-12\">\n<div class=\"fbq-item js-item-text fbq-text fbq-center-align fbq-primary-font\">\n<div class=\"fbq-row\">\n<div class=\"fbq-text-content fbq-col-12\">\n<div class=\"fbq-text-content-inner\">Nuestra historia desde 1970<\/div>\n<\/div>\n<\/div>\n<\/div>\n<\/div>\n<\/div>\n<\/div>\n<\/div>\n<\/div>\n<\/div>\n<\/div>\n<\/div>\n<\/div>\n<\/div>\n<\/div>\n<\/div>\n<\/div>\n<\/div>\n<\/div>\n<\/div>\n<\/div>\n<\/div>\n<\/div>\n<\/div>\n<\/div>\n<\/div>\n<\/div>\n<p>[\/et_pb_text][\/et_pb_column][\/et_pb_row][et_pb_row column_structure=\u00bb1_2,1_2&#8243; make_equal=\u00bbon\u00bb _builder_version=\u00bb4.17.4&#8243; _module_preset=\u00bbdefault\u00bb global_colors_info=\u00bb{}\u00bb][et_pb_column type=\u00bb1_2&#8243; _builder_version=\u00bb4.17.4&#8243; _module_preset=\u00bbdefault\u00bb global_colors_info=\u00bb{}\u00bb][et_pb_image src=\u00bbhttps:\/\/tenderoconstrucciones.es\/wp-content\/uploads\/2023\/01\/angel-tendero.jpg\u00bb align_tablet=\u00bbcenter\u00bb align_phone=\u00bbcenter\u00bb align_last_edited=\u00bbon|tablet\u00bb _builder_version=\u00bb4.17.4&#8243; _module_preset=\u00bbdefault\u00bb global_colors_info=\u00bb{}\u00bb][\/et_pb_image][\/et_pb_column][et_pb_column type=\u00bb1_2&#8243; _builder_version=\u00bb4.17.4&#8243; _module_preset=\u00bbdefault\u00bb custom_css_main_element=\u00bbmargin: auto;\u00bb global_colors_info=\u00bb{}\u00bb][et_pb_text _builder_version=\u00bb4.17.4&#8243; _module_preset=\u00bbdefault\u00bb text_text_color=\u00bb#000000&#8243; global_colors_info=\u00bb{}\u00bb]<\/p>\n<div class=\"fbq-item js-item-text fbq-text fbq-left-align fbq-primary-font\">\n<div class=\"fbq-row\">\n<div class=\"fbq-text-content fbq-col-12\">\n<div class=\"fbq-text-content-inner\">\u00c1ngel Tendero -padre- comenz\u00f3 pronto su andadura profesional creando una peque\u00f1a empresa de alba\u00f1iler\u00eda a finales de los a\u00f1os 60. A\u00f1os m\u00e1s tarde este peque\u00f1o negocio se convirti\u00f3 en R\u00fasticas Tendero S.L. una empresa familiar a la que se incorpor\u00f3 Antolina, la esposa de \u00c1ngel.<\/p>\n<p>Ahora, Tendero Construcciones, ha dado un salto generacional, y \u00c1ngel Tendero \u2013 hijo- y el equipo humano que lo acompa\u00f1a han tomado el relevo. No obstante, el objetivo es el mismo; ser capaces de ofrecer el mejor servicio, as\u00ed como acompa\u00f1ar en todo momento a las personas que depositan su total confianza en nosotros.<\/p>\n<p>Hoy Tendero Construcciones se ha convertido en una empresa capaz de adaptarse al proyecto y presupuesto de cada cliente.\u00a0<\/p>\n<p>\u00c1ngel Tendero\u00a0<span>\u00a0<\/span><span>\u2013 hijo \u2013<\/span><span>\u00a0<\/span>\u00a0<\/div>\n<\/div>\n<\/div>\n<\/div>\n<div class=\"fbq-item js-item-image fbq-image fbq-left-align\">\n<div class=\"fbq-image-container\">\n<div class=\"fbq-media-wrapper\">\n<div class=\"fbq-media-wrapper-inner\"><\/div>\n<\/div>\n<\/div>\n<\/div>\n<p>[\/et_pb_text][\/et_pb_column][\/et_pb_row][et_pb_row column_structure=\u00bb1_4,3_4&#8243; use_custom_gutter=\u00bbon\u00bb gutter_width=\u00bb2&#8243; make_equal=\u00bbon\u00bb _builder_version=\u00bb4.17.4&#8243; _module_preset=\u00bbdefault\u00bb width=\u00bb100%\u00bb max_width=\u00bb100%\u00bb global_colors_info=\u00bb{}\u00bb][et_pb_column type=\u00bb1_4&#8243; _builder_version=\u00bb4.17.4&#8243; _module_preset=\u00bbdefault\u00bb background_image=\u00bbhttps:\/\/tenderoconstrucciones.es\/wp-content\/uploads\/2023\/01\/espais.jpg\u00bb global_colors_info=\u00bb{}\u00bb][et_pb_divider show_divider=\u00bboff\u00bb _builder_version=\u00bb4.17.4&#8243; _module_preset=\u00bbdefault\u00bb custom_padding=\u00bb200px||200px||false|false\u00bb global_colors_info=\u00bb{}\u00bb][\/et_pb_divider][\/et_pb_column][et_pb_column type=\u00bb3_4&#8243; _builder_version=\u00bb4.17.4&#8243; _module_preset=\u00bbdefault\u00bb custom_padding_tablet=\u00bb|40px||40px|false|false\u00bb custom_padding_phone=\u00bb|40px||40px|false|false\u00bb custom_padding_last_edited=\u00bbon|tablet\u00bb custom_css_main_element=\u00bbmargin: auto;\u00bb global_colors_info=\u00bb{}\u00bb][et_pb_text _builder_version=\u00bb4.17.4&#8243; _module_preset=\u00bbdefault\u00bb text_text_color=\u00bb#000000&#8243; custom_margin_tablet=\u00bb\u00bb custom_margin_phone=\u00bb20px||||false|false\u00bb custom_margin_last_edited=\u00bbon|phone\u00bb global_colors_info=\u00bb{}\u00bb]<\/p>\n<p>Cada proyecto es \u00fanico e in\u00e9dito. En Tendero nos encargamos de todo el proceso de construcci\u00f3n.<\/p>\n<p>Compartimos con vosotros algunos de nuestros trabajos realizados.<\/p>\n<p>[\/et_pb_text][et_pb_button button_text=\u00bbVER PROYECTOS\u00bb _builder_version=\u00bb4.17.4&#8243; _module_preset=\u00bbdefault\u00bb custom_button=\u00bbon\u00bb button_text_size=\u00bb16px\u00bb button_text_color=\u00bb#FFFFFF\u00bb button_bg_color=\u00bb#4d4751&#8243; button_border_width=\u00bb0px\u00bb button_border_radius=\u00bb0px\u00bb button_font=\u00bbArial|800|||||||\u00bb button_icon=\u00bb&#x24;||divi||400&#8243; hover_enabled=\u00bb0&#8243; locked=\u00bboff\u00bb global_colors_info=\u00bb{}\u00bb button_url=\u00bbhttps:\/\/tenderoconstrucciones.es\/?page_id=125&#8243; sticky_enabled=\u00bb0&#8243;][\/et_pb_button][\/et_pb_column][\/et_pb_row][et_pb_row column_structure=\u00bb1_2,1_2&#8243; use_custom_gutter=\u00bbon\u00bb gutter_width=\u00bb2&#8243; make_equal=\u00bbon\u00bb disabled_on=\u00bbon|on|off\u00bb _builder_version=\u00bb4.17.4&#8243; _module_preset=\u00bbdefault\u00bb max_width=\u00bb80%\u00bb global_colors_info=\u00bb{}\u00bb][et_pb_column type=\u00bb1_2&#8243; _builder_version=\u00bb4.17.4&#8243; _module_preset=\u00bbdefault\u00bb custom_css_main_element=\u00bbmargin: auto;\u00bb global_colors_info=\u00bb{}\u00bb][et_pb_text _builder_version=\u00bb4.17.4&#8243; _module_preset=\u00bbdefault\u00bb text_text_color=\u00bb#000000&#8243; global_colors_info=\u00bb{}\u00bb]<\/p>\n<p><span>Ponemos a tu disposici\u00f3n nuestros servicios de construcci\u00f3n.<\/span><\/p>\n<p><span><\/span><\/p>\n<div class=\"fbq-col-6\">\n<div class=\"fbq-item js-item-box fbq-box fbq-left-align fbq-p-border-border fbq-box--fit-height\">\n<div class=\"fbq-box-inner\" data-screen_percent=\"40\">\n<div class=\"fbq-box-content fbq-middle-vertical\">\n<div class=\"fbq-box-body\">\n<div class=\"fbq-item js-item-text fbq-text fbq-left-align fbq-primary-font\">\n<div class=\"fbq-row\">\n<div class=\"fbq-text-content fbq-col-12\">\n<div class=\"fbq-text-content-inner\">Estamos especializados en reforma de viviendas antiguas y unifamiliares confortables y destinadas al disfrute de las zonas comunes. Adem\u00e1s, prestamos especial atenci\u00f3n al uso de las energ\u00edas renovables que generan un gran ahorro energ\u00e9tico.\u00a0\u00a0<\/div>\n<\/div>\n<\/div>\n<\/div>\n<\/div>\n<\/div>\n<\/div>\n<\/div>\n<\/div>\n<div class=\"fbq-col-6\">\n<div class=\"fbq-item js-item-box fbq-box fbq-left-align fbq-mobile-hidden fbq-p-border-border fbq-box--fit-height\">\n<div class=\"fbq-background\" data-type=\"image\" data-parallaxspeed=\"0\">\n<div class=\"fbq-background-wrapper\"><\/div>\n<\/div>\n<\/div>\n<\/div>\n<p>[\/et_pb_text][et_pb_button button_text=\u00bbSERVICIOS\u00bb _builder_version=\u00bb4.17.4&#8243; _module_preset=\u00bbdefault\u00bb custom_button=\u00bbon\u00bb button_text_size=\u00bb16px\u00bb button_text_color=\u00bb#FFFFFF\u00bb button_bg_color=\u00bb#4d4751&#8243; button_border_width=\u00bb0px\u00bb button_border_radius=\u00bb0px\u00bb button_font=\u00bbArial|800|||||||\u00bb button_icon=\u00bb&#x24;||divi||400&#8243; custom_margin_tablet=\u00bb||80px||false|false\u00bb custom_margin_phone=\u00bb||80px||false|false\u00bb custom_margin_last_edited=\u00bbon|tablet\u00bb hover_enabled=\u00bb0&#8243; locked=\u00bboff\u00bb global_colors_info=\u00bb{}\u00bb button_url=\u00bbhttps:\/\/tenderoconstrucciones.es\/?page_id=54&#8243; sticky_enabled=\u00bb0&#8243;][\/et_pb_button][\/et_pb_column][et_pb_column type=\u00bb1_2&#8243; _builder_version=\u00bb4.17.4&#8243; _module_preset=\u00bbdefault\u00bb background_image=\u00bbhttps:\/\/tenderoconstrucciones.es\/wp-content\/uploads\/2023\/01\/servicios.jpg\u00bb global_colors_info=\u00bb{}\u00bb][et_pb_divider show_divider=\u00bboff\u00bb _builder_version=\u00bb4.17.4&#8243; _module_preset=\u00bbdefault\u00bb custom_padding=\u00bb200px||200px||false|false\u00bb global_colors_info=\u00bb{}\u00bb][\/et_pb_divider][\/et_pb_column][\/et_pb_row][et_pb_row column_structure=\u00bb1_2,1_2&#8243; use_custom_gutter=\u00bbon\u00bb gutter_width=\u00bb2&#8243; make_equal=\u00bbon\u00bb disabled_on=\u00bboff|off|on\u00bb _builder_version=\u00bb4.17.4&#8243; _module_preset=\u00bbdefault\u00bb width=\u00bb100%\u00bb max_width=\u00bb100%\u00bb custom_margin=\u00bb||0px||false|false\u00bb custom_padding=\u00bb||0px||false|false\u00bb global_colors_info=\u00bb{}\u00bb][et_pb_column type=\u00bb1_2&#8243; _builder_version=\u00bb4.17.4&#8243; _module_preset=\u00bbdefault\u00bb background_image=\u00bbhttps:\/\/tenderoconstrucciones.es\/wp-content\/uploads\/2023\/01\/servicios.jpg\u00bb global_colors_info=\u00bb{}\u00bb][et_pb_divider show_divider=\u00bboff\u00bb _builder_version=\u00bb4.17.4&#8243; _module_preset=\u00bbdefault\u00bb custom_padding=\u00bb200px||200px||false|false\u00bb global_colors_info=\u00bb{}\u00bb][\/et_pb_divider][\/et_pb_column][et_pb_column type=\u00bb1_2&#8243; _builder_version=\u00bb4.17.4&#8243; _module_preset=\u00bbdefault\u00bb custom_padding=\u00bb|40px||40px|false|false\u00bb custom_css_main_element=\u00bbmargin: auto;\u00bb global_colors_info=\u00bb{}\u00bb][et_pb_text _builder_version=\u00bb4.17.4&#8243; _module_preset=\u00bbdefault\u00bb text_text_color=\u00bb#000000&#8243; custom_margin_tablet=\u00bb\u00bb custom_margin_phone=\u00bb20px||||false|false\u00bb custom_margin_last_edited=\u00bbon|phone\u00bb global_colors_info=\u00bb{}\u00bb]<\/p>\n<p><span>Ponemos a tu disposici\u00f3n nuestros servicios de construcci\u00f3n.<\/span><\/p>\n<p><span><\/span><\/p>\n<div class=\"fbq-col-6\">\n<div class=\"fbq-item js-item-box fbq-box fbq-left-align fbq-p-border-border fbq-box--fit-height\">\n<div class=\"fbq-box-inner\" data-screen_percent=\"40\">\n<div class=\"fbq-box-content fbq-middle-vertical\">\n<div class=\"fbq-box-body\">\n<div class=\"fbq-item js-item-text fbq-text fbq-left-align fbq-primary-font\">\n<div class=\"fbq-row\">\n<div class=\"fbq-text-content fbq-col-12\">\n<div class=\"fbq-text-content-inner\">Estamos especializados en reforma de viviendas antiguas y unifamiliares confortables y destinadas al disfrute de las zonas comunes. Adem\u00e1s, prestamos especial atenci\u00f3n al uso de las energ\u00edas renovables que generan un gran ahorro energ\u00e9tico.<\/div>\n<\/div>\n<\/div>\n<\/div>\n<\/div>\n<\/div>\n<\/div>\n<\/div>\n<\/div>\n<div class=\"fbq-col-6\">\n<div class=\"fbq-item js-item-box fbq-box fbq-left-align fbq-mobile-hidden fbq-p-border-border fbq-box--fit-height\">\n<div class=\"fbq-background\" data-type=\"image\" data-parallaxspeed=\"0\">\n<div class=\"fbq-background-wrapper\"><\/div>\n<\/div>\n<\/div>\n<\/div>\n<p>[\/et_pb_text][et_pb_button button_text=\u00bbSERVICIOS\u00bb _builder_version=\u00bb4.17.4&#8243; _module_preset=\u00bbdefault\u00bb custom_button=\u00bbon\u00bb button_text_size=\u00bb16px\u00bb button_text_color=\u00bb#FFFFFF\u00bb button_bg_color=\u00bb#4d4751&#8243; button_border_width=\u00bb0px\u00bb button_border_radius=\u00bb0px\u00bb button_font=\u00bbArial|800|||||||\u00bb button_icon=\u00bb&#x24;||divi||400&#8243; custom_margin_tablet=\u00bb||80px||false|false\u00bb custom_margin_phone=\u00bb||0px||false|false\u00bb custom_margin_last_edited=\u00bbon|desktop\u00bb hover_enabled=\u00bb0&#8243; locked=\u00bboff\u00bb global_colors_info=\u00bb{}\u00bb button_url=\u00bbhttps:\/\/tenderoconstrucciones.es\/?page_id=54&#8243; sticky_enabled=\u00bb0&#8243;][\/et_pb_button][\/et_pb_column][\/et_pb_row][\/et_pb_section]<\/p>\n","protected":false},"excerpt":{"rendered":"<p>NOSOTROS Nuestra historia desde 1970 \u00c1ngel Tendero -padre- comenz\u00f3 pronto su andadura profesional creando una peque\u00f1a empresa de alba\u00f1iler\u00eda a finales de los a\u00f1os 60. A\u00f1os m\u00e1s tarde este peque\u00f1o negocio se convirti\u00f3 en R\u00fasticas Tendero S.L. una empresa familiar a la que se incorpor\u00f3 Antolina, la esposa de \u00c1ngel.Ahora, Tendero Construcciones, ha dado un [&hellip;]<\/p>\n","protected":false},"author":2,"featured_media":0,"parent":0,"menu_order":0,"comment_status":"closed","ping_status":"closed","template":"","meta":{"_et_pb_use_builder":"on","_et_pb_old_content":"","_et_gb_content_width":"","footnotes":""},"class_list":["post-62","page","type-page","status-publish","hentry"],"_links":{"self":[{"href":"https:\/\/tenderoconstrucciones.es\/index.php?rest_route=\/wp\/v2\/pages\/62","targetHints":{"allow":["GET"]}}],"collection":[{"href":"https:\/\/tenderoconstrucciones.es\/index.php?rest_route=\/wp\/v2\/pages"}],"about":[{"href":"https:\/\/tenderoconstrucciones.es\/index.php?rest_route=\/wp\/v2\/types\/page"}],"author":[{"embeddable":true,"href":"https:\/\/tenderoconstrucciones.es\/index.php?rest_route=\/wp\/v2\/users\/2"}],"replies":[{"embeddable":true,"href":"https:\/\/tenderoconstrucciones.es\/index.php?rest_route=%2Fwp%2Fv2%2Fcomments&post=62"}],"version-history":[{"count":13,"href":"https:\/\/tenderoconstrucciones.es\/index.php?rest_route=\/wp\/v2\/pages\/62\/revisions"}],"predecessor-version":[{"id":366,"href":"https:\/\/tenderoconstrucciones.es\/index.php?rest_route=\/wp\/v2\/pages\/62\/revisions\/366"}],"wp:attachment":[{"href":"https:\/\/tenderoconstrucciones.es\/index.php?rest_route=%2Fwp%2Fv2%2Fmedia&parent=62"}],"curies":[{"name":"wp","href":"https:\/\/api.w.org\/{rel}","templated":true}]}}